{"id":497,"date":"2021-05-03T18:22:34","date_gmt":"2021-05-03T16:22:34","guid":{"rendered":"https:\/\/baywatch.bar\/badhonnef\/?page_id=497"},"modified":"2021-05-22T21:25:22","modified_gmt":"2021-05-22T19:25:22","slug":"impressum","status":"publish","type":"page","link":"https:\/\/baywatch.bar\/badhonnef\/impressum\/","title":{"rendered":"Impressum"},"content":{"rendered":"\n<p>Angaben gem\u00e4\u00df \u00a7 5 TMG<br>Turgay Kilic<br>Austr 5<br>53604 Bad Honnef<br><\/p>\n\n\n\n<p>Kontakt<br>Telefon: 0222 49 76 48 08<br>E-Mail: baywatch.badhonnef@gmx.de<\/p>\n\n\n\n<p>Verantwortlich f\u00fcr den Inhalt nach \u00a7 55 Abs. 2 RStV<br> Turgay Kilic <\/p>\n\n\n\n<p>EU-Streitschlichtung<br>Die Europ\u00e4ische Kommission stellt eine Plattform zur Online-Streitbeilegung (OS) bereit: <a href=\"https:\/\/ec.europa.eu\/consumers\/odr\">https:\/\/ec.europa.eu\/consumers\/odr<\/a>.<br>Unsere E-Mail-Adresse finden Sie oben im Impressum.<\/p>\n\n\n\n<p>Verbraucher\u00adstreit\u00adbeilegung\/Universal\u00adschlichtungs\u00adstelle<br>Wir sind nicht bereit oder verpflichtet, an Streitbeilegungsverfahren vor einer Verbraucherschlichtungsstelle teilzunehmen.<\/p>\n\n\n\n<p>Haftung f\u00fcr Inhalte<br>Als Diensteanbieter sind wir gem\u00e4\u00df \u00a7 7 Abs.1 TMG f\u00fcr eigene Inhalte auf diesen Seiten nach den allgemeinen Gesetzen verantwortlich. Nach \u00a7\u00a7 8 bis 10 TMG sind wir als Diensteanbieter jedoch nicht verpflichtet, \u00fcbermittelte oder gespeicherte fremde Informationen zu \u00fcberwachen oder nach Umst\u00e4nden zu forschen, die auf eine rechtswidrige T\u00e4tigkeit hinweisen.<\/p>\n\n\n\n<p>Verpflichtungen zur Entfernung oder Sperrung der Nutzung von Informationen nach den allgemeinen Gesetzen bleiben hiervon unber\u00fchrt. Eine diesbez\u00fcgliche Haftung ist jedoch erst ab dem Zeitpunkt der Kenntnis einer konkreten Rechtsverletzung m\u00f6glich. Bei Bekanntwerden von entsprechenden Rechtsverletzungen werden wir diese Inhalte umgehend entfernen.<\/p>\n\n\n\n<p>Haftung f\u00fcr Links<br>Unser Angebot enth\u00e4lt Links zu externen Websites Dritter, auf deren Inhalte wir keinen Einfluss haben. Deshalb k\u00f6nnen wir f\u00fcr diese fremden Inhalte auch keine Gew\u00e4hr \u00fcbernehmen. F\u00fcr die Inhalte der verlinkten Seiten ist stets der jeweilige Anbieter oder Betreiber der Seiten verantwortlich. Die verlinkten Seiten wurden zum Zeitpunkt der Verlinkung auf m\u00f6gliche Rechtsverst\u00f6\u00dfe \u00fcberpr\u00fcft. Rechtswidrige Inhalte waren zum Zeitpunkt der Verlinkung nicht erkennbar.<\/p>\n\n\n\n<p>Eine permanente inhaltliche Kontrolle der verlinkten Seiten ist jedoch ohne konkrete Anhaltspunkte einer Rechtsverletzung nicht zumutbar. Bei Bekanntwerden von Rechtsverletzungen werden wir derartige Links umgehend entfernen.<\/p>\n\n\n\n<p>Urheberrecht<br>Die durch die Seitenbetreiber erstellten Inhalte und Werke auf diesen Seiten unterliegen dem deutschen Urheberrecht. Die Vervielf\u00e4ltigung, Bearbeitung, Verbreitung und jede Art der Verwertung au\u00dferhalb der Grenzen des Urheberrechtes bed\u00fcrfen der schriftlichen Zustimmung des jeweiligen Autors bzw. Erstellers. Downloads und Kopien dieser Seite sind nur f\u00fcr den privaten, nicht kommerziellen Gebrauch gestattet.<\/p>\n\n\n\n<p>Soweit die Inhalte auf dieser Seite nicht vom Betreiber erstellt wurden, werden die Urheberrechte Dritter beachtet. Insbesondere werden Inhalte Dritter als solche gekennzeichnet. Sollten Sie trotzdem auf eine Urheberrechtsverletzung aufmerksam werden, bitten wir um einen entsprechenden Hinweis. Bei Bekanntwerden von Rechtsverletzungen werden wir derartige Inhalte umgehend entfernen.<\/p>\n\n\n\n<p>Quelle: <a href=\"https:\/\/www.e-recht24.de\/\">eRecht24<\/a><\/p>\n\n\n\n<style type=\"text\/css\">\n.wpcf7-form textarea, .wpcf7-form label, .wpcf7-form input { \nwidth: 100%;\n\n}\n.some-page-wrapper {\n  margin: 15px;\n}\n\n.wpcf7 .row {\n  display: flex;\n  flex-direction: row;\n  width: 100%;\nmargin: 0 !important;\n}\n\n.column {\n  display: flex;\n  flex-direction: column;\n  flex-basis: 500px !important;\n  flex: 1;\nwidth: 50%;\npadding: 0 15px;\n}\n\n.double-column {\n  display: flex;\n  flex-direction: column;\n  flex-basis: 100%;\n  flex: 2;\n}\n\n\n\n\n\n.page-id-418 .nv-content-wrap.entry-content {\nwidth: 100%;\n}\n\n.page-id-793 .container-fluid.single-page-container {\nbackground: url('https:\/\/baywatch.bar\/badhonnef\/wp-content\/uploads\/2021\/11\/menu-hintergrund-scaled.jpg');\nbackground-repeat: no-repeat;\nbackground-attachment: fixed;\nbackground-size: cover;\ncolor: #fff !important;\npadding: 0 15px;\n}\n\n.page-id-793 .container-fluid.single-page-container .has-neve-link-color-color {\ncolor: #fff !important;\n}\n.page-id-793 .container-fluid.single-page-container h1, .container-fluid.single-page-container h3, .container-fluid.single-page-container h4 {\ncolor: #fff !important;\nmargin: 0 !important;\n}\n.page-id-793 h2.has-huge-font-size {\ntext-decoration: underline 2px solid;\ntext-underline-offset: 4px;\nmargin-bottom: 20px;\n}\n.page-id-793 h3 {\nmargin: 0 !important;\nline-height: 1;\n}\n.page-id-793 .container-fluid.single-page-container p{\nmargin: 0 !important;\n}\n\n.container.single-page-container .wp-block-columns {\nmargin-bottom: 0.5em !important;}\n.baywatch-link-footer a {\ncolor: #fff;\ntext-decoration: none !important;\n}\n.baywatch-link-footer a:hover {\ncolor: #fff;\ntext-decoration: underline !important;\n}\n\n.pink-box {\nbackground: #e5007d;\nwidth: 250px;\nmax-width: 90%;\npadding: 15px;\nmargin: 20px auto;\n}\n\n@media (min-width: 960px) {\n.page-id-793 #content.neve-main > .container-fluid > .row > .col {\nmax-width: 700px !important;\nwidth: 100% !important;\n}\n}\n\n@media (max-width: 781px) {\n.page-id-793 .container-fluid.single-page-container .wp-block-columns.no-break-mobile .wp-block-column:first-child {\nflex-basis: 45% !important;}\n\n.page-id-793 .container-fluid.single-page-container .wp-block-columns.no-break-mobile .wp-block-column {\nflex-basis: 20% !important;\n}\n}\n.softdrinks {\nbackground: url('https:\/\/baywatch.bar\/badhonnef\/wp-content\/uploads\/2021\/11\/Element-7@4x-v2-1.png');\nbackground-repeat: no-repeat;\nbackground-attachment: scroll;\nbackground-position: center right;\nbackground-size: auto;\n}\n.juice {\nbackground: url('https:\/\/baywatch.bar\/badhonnef\/wp-content\/uploads\/2021\/11\/Element-7@4x-1.png');\nbackground-repeat: no-repeat;\nbackground-attachment: scroll;\nbackground-position: center left;\nbackground-size: contain;\n}\n.beer {\nbackground: url('https:\/\/baywatch.bar\/badhonnef\/wp-content\/uploads\/2021\/11\/Ebene-1@4x-1.png');\nbackground-repeat: no-repeat;\nbackground-attachment: scroll;\nbackground-position: center left;\nbackground-size: auto;\n}\n.cocktails {\nbackground: url('https:\/\/baywatch.bar\/badhonnef\/wp-content\/uploads\/2021\/11\/Element-4@4x-1.png');\nbackground-repeat: no-repeat;\nbackground-attachment: scroll;\nbackground-position: center right;\nbackground-size: contain;\n}\n.cocktails-second {\nbackground: url('https:\/\/baywatch.bar\/badhonnef\/wp-content\/uploads\/2021\/11\/Element-5@4x-1.png');\nbackground-repeat: no-repeat;\nbackground-attachment: scroll;\nbackground-position: center right;\nbackground-size: contain;\n}\n\n.longdrinks {\nbackground: url('https:\/\/baywatch.bar\/badhonnef\/wp-content\/uploads\/2021\/11\/Element-7@4x-1.png');\nbackground-repeat: no-repeat;\nbackground-attachment: scroll;\nbackground-position: center right;\nbackground-size: contain;\n}\n.shots {\nbackground: url('https:\/\/baywatch.bar\/badhonnef\/wp-content\/uploads\/2021\/11\/Element-8@4x.png');\nbackground-repeat: no-repeat;\nbackground-attachment: scroll;\nbackground-position: center right;\nbackground-size: contain;\n}\n.wine {\nbackground: url('https:\/\/baywatch.bar\/badhonnef\/wp-content\/uploads\/2021\/11\/Element-9@4x.png');\nbackground-repeat: no-repeat;\nbackground-attachment: scroll;\nbackground-position: center right;\nbackground-size: contain;\n}\n.warm-drinks {\nbackground: url('https:\/\/baywatch.bar\/badhonnef\/wp-content\/uploads\/2021\/11\/Element-1@4x-1.png');\nbackground-repeat: no-repeat;\nbackground-attachment: scroll;\nbackground-position: center right;\nbackground-size: contain;\n}\n\n<\/style>\n\n\n\n<div id=\"wp-block-themeisle-blocks-advanced-columns-aa00c556\" class=\"wp-block-themeisle-blocks-advanced-columns alignfull has-3-columns has-desktop-equal-layout has-tablet-equal-layout has-mobile-collapsedRows-layout has-vertical-unset\"><div class=\"wp-block-themeisle-blocks-advanced-columns-overlay\"><\/div><div class=\"innerblocks-wrap\">\n<div id=\"wp-block-themeisle-blocks-advanced-column-fded0539\" class=\"wp-block-themeisle-blocks-advanced-column\">\n<h3 class=\"has-nv-text-dark-bg-color has-text-color\"><strong> \u00dcber Uns <\/strong><\/h3>\n\n\n\n<p class=\"has-nv-text-dark-bg-color has-text-color has-medium-font-size\">Bay Watch ist deine Adresse in Bad Honnef und Umgebung f\u00fcr einen Abend mit guten Drinks und perfekter Unterhaltung. Komm vorbei oder reserviere f\u00fcr einen Abend mit deinen Freunden!<\/p>\n<\/div>\n\n\n\n<div id=\"wp-block-themeisle-blocks-advanced-column-8f3f50b7\" class=\"wp-block-themeisle-blocks-advanced-column ticss-109d2528 baywatch-link-footer\">\n<h3 class=\"has-nv-text-dark-bg-color has-text-color\"><strong>Links<\/strong><\/h3>\n\n\n\n<p class=\"has-neve-link-color-color has-text-color has-medium-font-size\"><a href=\"https:\/\/baywatch.bar\/badhonnef\/menukarte.pdf\" data-type=\"URL\" data-id=\"https:\/\/baywatch.bar\/badhonnef\/menukarte.pdf\">Men\u00fc<\/a><\/p>\n\n\n\n<p class=\"has-neve-link-color-color has-text-color has-medium-font-size\"><a href=\"https:\/\/baywatch.bar\/badhonnef\/uber-baywatch-badhonnef\/\" data-type=\"page\" data-id=\"255\">Unsere Bar<\/a> <\/p>\n\n\n\n<p class=\"has-neve-link-color-color has-text-color has-medium-font-size\"><a href=\"https:\/\/baywatch.bar\/badhonnef\/reservieren-baywatch-badhonnef\/\" data-type=\"page\" data-id=\"226\">Reservieren <\/a><\/p>\n\n\n\n<p class=\"has-neve-link-color-color has-text-color has-medium-font-size\"><a href=\"https:\/\/baywatch.bar\/badhonnef\/datenschutzerklaerung\/\" data-type=\"page\" data-id=\"3\">Datenschutz<\/a><\/p>\n\n\n\n<p class=\"has-neve-link-color-color has-text-color has-medium-font-size\"><a href=\"https:\/\/baywatch.bar\/badhonnef\/impressum\/\" data-type=\"page\" data-id=\"497\">Impressum<\/a><\/p>\n<\/div>\n\n\n\n<div id=\"wp-block-themeisle-blocks-advanced-column-da310243\" class=\"wp-block-themeisle-blocks-advanced-column baywatch-link-footer\">\n<h3 class=\"has-nv-text-dark-bg-color has-text-color\"> <strong>Social<\/strong> <\/h3>\n\n\n\n<p class=\"has-neve-link-color-color has-text-color has-medium-font-size\"><a href=\"https:\/\/www.facebook.com\/baywatch.badhonnef\" data-type=\"URL\" data-id=\"https:\/\/www.facebook.com\/baywatch.badhonnef\">Facebook<\/a><\/p>\n\n\n\n<p class=\"has-neve-link-color-color has-text-color has-medium-font-size\"><a href=\"https:\/\/www.instagram.com\/baywatch_badhonnef\/\" data-type=\"URL\" data-id=\"https:\/\/www.instagram.com\/baywatch_badhonnef\/\">Instagram<\/a><\/p>\n\n\n\n<p class=\"has-neve-link-color-color has-text-color has-medium-font-size\"><a href=\"https:\/\/g.page\/baywatch-badhonnef?share\" data-type=\"URL\" data-id=\"https:\/\/g.page\/baywatch-badhonnef?share\">Google<\/a><\/p>\n\n\n\n<p class=\"has-neve-link-color-color has-text-color has-medium-font-size\"><a href=\"mailto:baywatch.badhonnef@gmx.de\" data-type=\"mailto\" data-id=\"mailto:baywatch.badhonnef@gmx.de\">Mail<\/a><\/p>\n<\/div>\n<\/div><\/div>\n\n\n\n<p><\/p>\n\n\n\n<div class=\"wp-block-themeisle-blocks-advanced-columns has-1-columns has-desktop-equal-layout has-tablet-equal-layout has-mobile-equal-layout has-default-gap has-vertical-unset\" id=\"wp-block-themeisle-blocks-advanced-columns-ffe05768\"><div class=\"wp-block-themeisle-blocks-advanced-columns-overlay\"><\/div><div class=\"innerblocks-wrap\"><\/div><\/div>\n","protected":false},"excerpt":{"rendered":"<p>Angaben gem\u00e4\u00df \u00a7 5 TMGTurgay KilicAustr 553604 Bad Honnef KontaktTelefon: 0222 49 76 48 08E-Mail: baywatch.badhonnef@gmx.de Verantwortlich f\u00fcr den Inhalt nach \u00a7 55 Abs. 2 RStV Turgay Kilic EU-StreitschlichtungDie Europ\u00e4ische Kommission stellt eine Plattform zur Online-Streitbeilegung (OS) bereit: https:\/\/ec.europa.eu\/consumers\/odr.Unsere E-Mail-Adresse finden Sie oben im Impressum. Verbraucher\u00adstreit\u00adbeilegung\/Universal\u00adschlichtungs\u00adstelleWir sind nicht bereit oder verpflichtet, an Streitbeilegungsverfahren vor einer&hellip;&nbsp;<a href=\"https:\/\/baywatch.bar\/badhonnef\/impressum\/\" class=\"\" rel=\"bookmark\">Weiterlesen &raquo;<span class=\"screen-reader-text\">Impressum<\/span><\/a><\/p>\n","protected":false},"author":1,"featured_media":0,"parent":0,"menu_order":0,"comment_status":"closed","ping_status":"closed","template":"","meta":{"neve_meta_sidebar":"full-width","neve_meta_container":"full-width","neve_meta_enable_content_width":"off","neve_meta_content_width":100,"neve_meta_title_alignment":"","neve_meta_author_avatar":"","neve_post_elements_order":"","neve_meta_disable_header":"","neve_meta_disable_footer":"","neve_meta_disable_title":"","_themeisle_gutenberg_block_has_review":false,"_ti_tpc_template_sync":false,"_ti_tpc_template_id":""},"_links":{"self":[{"href":"https:\/\/baywatch.bar\/badhonnef\/wp-json\/wp\/v2\/pages\/497"}],"collection":[{"href":"https:\/\/baywatch.bar\/badhonnef\/wp-json\/wp\/v2\/pages"}],"about":[{"href":"https:\/\/baywatch.bar\/badhonnef\/wp-json\/wp\/v2\/types\/page"}],"author":[{"embeddable":true,"href":"https:\/\/baywatch.bar\/badhonnef\/wp-json\/wp\/v2\/users\/1"}],"replies":[{"embeddable":true,"href":"https:\/\/baywatch.bar\/badhonnef\/wp-json\/wp\/v2\/comments?post=497"}],"version-history":[{"count":6,"href":"https:\/\/baywatch.bar\/badhonnef\/wp-json\/wp\/v2\/pages\/497\/revisions"}],"predecessor-version":[{"id":634,"href":"https:\/\/baywatch.bar\/badhonnef\/wp-json\/wp\/v2\/pages\/497\/revisions\/634"}],"wp:attachment":[{"href":"https:\/\/baywatch.bar\/badhonnef\/wp-json\/wp\/v2\/media?parent=497"}],"curies":[{"name":"wp","href":"https:\/\/api.w.org\/{rel}","templated":true}]}}